{"id":59114,"date":"2026-04-27T10:06:25","date_gmt":"2026-04-27T15:06:25","guid":{"rendered":"https:\/\/regina11-sas.com\/tiendaeventos\/?post_type=product&#038;p=59114"},"modified":"2026-04-29T12:07:12","modified_gmt":"2026-04-29T17:07:12","slug":"virtual-garelo-especial-amado-saurologo-con-la-maestra-regina-11","status":"publish","type":"product","link":"https:\/\/regina11-sas.com\/tiendaeventos\/producto\/virtual-garelo-especial-amado-saurologo-con-la-maestra-regina-11\/","title":{"rendered":"VIRTUAL &#8211; GARELO ESPECIAL AMADO SAUR\u00d3LOGO CON LA MAESTRA REGINA &#8220;11&#8221;"},"content":{"rendered":"<p><em><strong>\u201cAmado Saur\u00f3logo\u201d es un encuentro \u00fanico e irrepetible donde la maestra Regina \u201c11\u201d abrir\u00e1 un espacio profundo de conexi\u00f3n, ense\u00f1anza y legado. En este garelo especial, cada asistente recibir\u00e1 un obsequio invaluable: escritos personales y significativos que la maestra ha dedicado a lo largo de su vida al amado saur\u00f3logo. Una experiencia para quienes buscan significado, gu\u00eda y un v\u00ednculo m\u00e1s cercano con esta ense\u00f1anza.<\/strong><\/em><\/p>\n<p>&nbsp;<\/p>\n<p><strong>D\u00eda del evento: S\u00e1bado 23 de mayo de 2026<\/strong><\/p>\n<p><strong>Direcci\u00f3n : Seminario web &#8211; Zoom<\/strong><\/p>\n<p><strong>Hora: 4:30 p.m.<\/strong><\/p>\n<p>Recuerde que esta boleta es para el evento\u00a0 \u00a0<b>VIRTUAL<\/b><\/p>\n<h3><em><span style=\"color: #ff00ff;\"><strong>NOTA IMPORTANTE: Los asistentes virtuales deben designar a alguien para que reciba el obsequio que les corresponde el d\u00eda del evento e indicarlo por la l\u00ednea de atenci\u00f3n al cliente +57313 843 1782<\/strong><\/span><\/em><\/h3>\n<h3><span style=\"color: #ea0075;\">Recomendaciones:<\/span><\/h3>\n<ul>\n<li><strong><span style=\"color: #ea0075;\">Pago \u00fanico (no abonos).<\/span><\/strong><\/li>\n<li><strong><span style=\"color: #ea0075;\">Al correo del asistente ser\u00e1 enviado el link de acceso.<\/span><\/strong><\/li>\n<li><strong><span style=\"color: #ea0075;\">Esta boleta es para una persona.<\/span><\/strong><\/li>\n<li><span style=\"color: #ea0075;\"><b>La compra de boletas se detendr\u00e1 el viernes 22 de mayo del 2026 a las 11:59 p.m.<\/b><\/span><\/li>\n<li><strong><span style=\"color: #ea0075;\">El d\u00eda del evento debe contar con buena conexi\u00f3n a Internet.<\/span><\/strong><\/li>\n<\/ul>\n<p><strong><span style=\"color: #ea0075;\">NOTA: NO SE HACEN CAMBIOS, NI DEVOLUCIONES.<\/span><\/strong><\/p>\n<p>&nbsp;<\/p>\n<p><em><strong>NOTA: Al momento de la compra verificar que al correo le haya llegado el enlace de conexi\u00f3n de ingreso al evento, de lo contrario comunicarse al:<\/strong><\/em><\/p>\n<p><strong>Tel\u00e9fono:<\/strong> 313 843 1782<\/p>\n<p><strong>Correo:<\/strong> tiendavirtual@regina11-sas.com<\/p>\n<p>Si no encuentra el correo en la bandeja principal revisar en <strong>SPAM<\/strong> o <strong>CORREO NO DESEADO.<\/strong><\/p>\n<p>&nbsp;<\/p>\n<h2 style=\"text-align: center;\"><span style=\"color: #ea0075;\"><em><strong>NOTA IMPORTANTE: ESTE EVENTO NO ES INTERCAMBIABLE CON OTRO EVENTO O TIPO DE EVENTO &#8220;NO SE CAMBIA DE PRESENCIAL A VIRTUAL, NI SE REALIZAN DEVOLUCIONES&#8221;<\/strong><\/em><\/span><\/h2>\n","protected":false},"excerpt":{"rendered":"<p>\u201cAmado Saur\u00f3logo\u201d es un encuentro \u00fanico e irrepetible donde la maestra Regina \u201c11\u201d abrir\u00e1 un espacio profundo de conexi\u00f3n, ense\u00f1anza y legado. En este garelo especial, cada asistente recibir\u00e1 un obsequio invaluable: escritos personales y significativos que la maestra ha dedicado a lo largo de su vida al amado saur\u00f3logo. Una experiencia para quienes buscan [&hellip;]<\/p>\n","protected":false},"author":2,"featured_media":59115,"template":"","meta":[],"product_brand":[],"product_cat":[31],"product_tag":[],"class_list":{"0":"post-59114","1":"product","2":"type-product","3":"status-publish","4":"has-post-thumbnail","6":"product_cat-eventos","8":"first","9":"instock","10":"sale","11":"downloadable","12":"virtual","13":"sold-individually","14":"taxable","15":"purchasable","16":"product-type-simple"},"yoast_head":"<!-- This site is optimized with the Yoast SEO plugin v26.3 - https:\/\/yoast.com\/wordpress\/plugins\/seo\/ -->\n<title>VIRTUAL - GARELO ESPECIAL AMADO SAUR\u00d3LOGO CON LA MAESTRA REGINA &quot;11&quot; - Tienda Eventos Regina 11 SAS<\/title>\n<meta name=\"robots\" content=\"index, follow, max-snippet:-1, max-image-preview:large, max-video-preview:-1\" \/>\n<link rel=\"canonical\" href=\"https:\/\/regina11-sas.com\/tiendaeventos\/producto\/virtual-garelo-especial-amado-saurologo-con-la-maestra-regina-11\/\" \/>\n<meta property=\"og:locale\" content=\"es_ES\" \/>\n<meta property=\"og:type\" content=\"article\" \/>\n<meta property=\"og:title\" content=\"VIRTUAL - GARELO ESPECIAL AMADO SAUR\u00d3LOGO CON LA MAESTRA REGINA &quot;11&quot; - Tienda Eventos Regina 11 SAS\" \/>\n<meta property=\"og:description\" content=\"\u201cAmado Saur\u00f3logo\u201d es un encuentro \u00fanico e irrepetible donde la maestra Regina \u201c11\u201d abrir\u00e1 un espacio profundo de conexi\u00f3n, ense\u00f1anza y legado. En este garelo especial, cada asistente recibir\u00e1 un obsequio invaluable: escritos personales y significativos que la maestra ha dedicado a lo largo de su vida al amado saur\u00f3logo. Una experiencia para quienes buscan [&hellip;]\" \/>\n<meta property=\"og:url\" content=\"https:\/\/regina11-sas.com\/tiendaeventos\/producto\/virtual-garelo-especial-amado-saurologo-con-la-maestra-regina-11\/\" \/>\n<meta property=\"og:site_name\" content=\"Tienda Eventos Regina 11 SAS\" \/>\n<meta property=\"article:modified_time\" content=\"2026-04-29T17:07:12+00:00\" \/>\n<meta property=\"og:image\" content=\"https:\/\/regina11-sas.com\/tiendaeventos\/wp-content\/uploads\/2026\/04\/Amado-SAUR-V.png\" \/>\n\t<meta property=\"og:image:width\" content=\"800\" \/>\n\t<meta property=\"og:image:height\" content=\"800\" \/>\n\t<meta property=\"og:image:type\" content=\"image\/png\" \/>\n<meta name=\"twitter:card\" content=\"summary_large_image\" \/>\n<meta name=\"twitter:label1\" content=\"Tiempo de lectura\" \/>\n\t<meta name=\"twitter:data1\" content=\"2 minutos\" \/>\n<script type=\"application\/ld+json\" class=\"yoast-schema-graph\">{\"@context\":\"https:\/\/schema.org\",\"@graph\":[{\"@type\":\"WebPage\",\"@id\":\"https:\/\/regina11-sas.com\/tiendaeventos\/producto\/virtual-garelo-especial-amado-saurologo-con-la-maestra-regina-11\/\",\"url\":\"https:\/\/regina11-sas.com\/tiendaeventos\/producto\/virtual-garelo-especial-amado-saurologo-con-la-maestra-regina-11\/\",\"name\":\"VIRTUAL - GARELO ESPECIAL AMADO SAUR\u00d3LOGO CON LA MAESTRA REGINA \\\"11\\\" - Tienda Eventos Regina 11 SAS\",\"isPartOf\":{\"@id\":\"https:\/\/regina11-sas.com\/tiendaeventos\/#website\"},\"primaryImageOfPage\":{\"@id\":\"https:\/\/regina11-sas.com\/tiendaeventos\/producto\/virtual-garelo-especial-amado-saurologo-con-la-maestra-regina-11\/#primaryimage\"},\"image\":{\"@id\":\"https:\/\/regina11-sas.com\/tiendaeventos\/producto\/virtual-garelo-especial-amado-saurologo-con-la-maestra-regina-11\/#primaryimage\"},\"thumbnailUrl\":\"https:\/\/regina11-sas.com\/tiendaeventos\/wp-content\/uploads\/2026\/04\/Amado-SAUR-V.png\",\"datePublished\":\"2026-04-27T15:06:25+00:00\",\"dateModified\":\"2026-04-29T17:07:12+00:00\",\"breadcrumb\":{\"@id\":\"https:\/\/regina11-sas.com\/tiendaeventos\/producto\/virtual-garelo-especial-amado-saurologo-con-la-maestra-regina-11\/#breadcrumb\"},\"inLanguage\":\"es-CO\",\"potentialAction\":[{\"@type\":\"ReadAction\",\"target\":[\"https:\/\/regina11-sas.com\/tiendaeventos\/producto\/virtual-garelo-especial-amado-saurologo-con-la-maestra-regina-11\/\"]}]},{\"@type\":\"ImageObject\",\"inLanguage\":\"es-CO\",\"@id\":\"https:\/\/regina11-sas.com\/tiendaeventos\/producto\/virtual-garelo-especial-amado-saurologo-con-la-maestra-regina-11\/#primaryimage\",\"url\":\"https:\/\/regina11-sas.com\/tiendaeventos\/wp-content\/uploads\/2026\/04\/Amado-SAUR-V.png\",\"contentUrl\":\"https:\/\/regina11-sas.com\/tiendaeventos\/wp-content\/uploads\/2026\/04\/Amado-SAUR-V.png\",\"width\":800,\"height\":800},{\"@type\":\"BreadcrumbList\",\"@id\":\"https:\/\/regina11-sas.com\/tiendaeventos\/producto\/virtual-garelo-especial-amado-saurologo-con-la-maestra-regina-11\/#breadcrumb\",\"itemListElement\":[{\"@type\":\"ListItem\",\"position\":1,\"name\":\"Inicio\",\"item\":\"https:\/\/regina11-sas.com\/tiendaeventos\/\"},{\"@type\":\"ListItem\",\"position\":2,\"name\":\"Tienda\",\"item\":\"https:\/\/regina11-sas.com\/tiendaeventos\/\"},{\"@type\":\"ListItem\",\"position\":3,\"name\":\"VIRTUAL &#8211; GARELO ESPECIAL AMADO SAUR\u00d3LOGO CON LA MAESTRA REGINA &#8220;11&#8221;\"}]},{\"@type\":\"WebSite\",\"@id\":\"https:\/\/regina11-sas.com\/tiendaeventos\/#website\",\"url\":\"https:\/\/regina11-sas.com\/tiendaeventos\/\",\"name\":\"Tienda Eventos Regina 11 SAS\",\"description\":\"Tienda Eventos Regina 11 SAS\",\"publisher\":{\"@id\":\"https:\/\/regina11-sas.com\/tiendaeventos\/#organization\"},\"potentialAction\":[{\"@type\":\"SearchAction\",\"target\":{\"@type\":\"EntryPoint\",\"urlTemplate\":\"https:\/\/regina11-sas.com\/tiendaeventos\/?s={search_term_string}\"},\"query-input\":{\"@type\":\"PropertyValueSpecification\",\"valueRequired\":true,\"valueName\":\"search_term_string\"}}],\"inLanguage\":\"es-CO\"},{\"@type\":\"Organization\",\"@id\":\"https:\/\/regina11-sas.com\/tiendaeventos\/#organization\",\"name\":\"Regina 11 SAS\",\"url\":\"https:\/\/regina11-sas.com\/tiendaeventos\/\",\"logo\":{\"@type\":\"ImageObject\",\"inLanguage\":\"es-CO\",\"@id\":\"https:\/\/regina11-sas.com\/tiendaeventos\/#\/schema\/logo\/image\/\",\"url\":\"https:\/\/i0.wp.com\/regina11-sas.com\/tiendavirtual\/wp-content\/uploads\/2022\/06\/favicon200-e1654545906447.png?fit=100%2C100&ssl=1\",\"contentUrl\":\"https:\/\/i0.wp.com\/regina11-sas.com\/tiendavirtual\/wp-content\/uploads\/2022\/06\/favicon200-e1654545906447.png?fit=100%2C100&ssl=1\",\"width\":100,\"height\":100,\"caption\":\"Regina 11 SAS\"},\"image\":{\"@id\":\"https:\/\/regina11-sas.com\/tiendaeventos\/#\/schema\/logo\/image\/\"}}]}<\/script>\n<!-- \/ Yoast SEO plugin. -->","yoast_head_json":{"title":"VIRTUAL - GARELO ESPECIAL AMADO SAUR\u00d3LOGO CON LA MAESTRA REGINA \"11\" - Tienda Eventos Regina 11 SAS","robots":{"index":"index","follow":"follow","max-snippet":"max-snippet:-1","max-image-preview":"max-image-preview:large","max-video-preview":"max-video-preview:-1"},"canonical":"https:\/\/regina11-sas.com\/tiendaeventos\/producto\/virtual-garelo-especial-amado-saurologo-con-la-maestra-regina-11\/","og_locale":"es_ES","og_type":"article","og_title":"VIRTUAL - GARELO ESPECIAL AMADO SAUR\u00d3LOGO CON LA MAESTRA REGINA \"11\" - Tienda Eventos Regina 11 SAS","og_description":"\u201cAmado Saur\u00f3logo\u201d es un encuentro \u00fanico e irrepetible donde la maestra Regina \u201c11\u201d abrir\u00e1 un espacio profundo de conexi\u00f3n, ense\u00f1anza y legado. En este garelo especial, cada asistente recibir\u00e1 un obsequio invaluable: escritos personales y significativos que la maestra ha dedicado a lo largo de su vida al amado saur\u00f3logo. Una experiencia para quienes buscan [&hellip;]","og_url":"https:\/\/regina11-sas.com\/tiendaeventos\/producto\/virtual-garelo-especial-amado-saurologo-con-la-maestra-regina-11\/","og_site_name":"Tienda Eventos Regina 11 SAS","article_modified_time":"2026-04-29T17:07:12+00:00","og_image":[{"width":800,"height":800,"url":"https:\/\/regina11-sas.com\/tiendaeventos\/wp-content\/uploads\/2026\/04\/Amado-SAUR-V.png","type":"image\/png"}],"twitter_card":"summary_large_image","twitter_misc":{"Tiempo de lectura":"2 minutos"},"schema":{"@context":"https:\/\/schema.org","@graph":[{"@type":"WebPage","@id":"https:\/\/regina11-sas.com\/tiendaeventos\/producto\/virtual-garelo-especial-amado-saurologo-con-la-maestra-regina-11\/","url":"https:\/\/regina11-sas.com\/tiendaeventos\/producto\/virtual-garelo-especial-amado-saurologo-con-la-maestra-regina-11\/","name":"VIRTUAL - GARELO ESPECIAL AMADO SAUR\u00d3LOGO CON LA MAESTRA REGINA \"11\" - Tienda Eventos Regina 11 SAS","isPartOf":{"@id":"https:\/\/regina11-sas.com\/tiendaeventos\/#website"},"primaryImageOfPage":{"@id":"https:\/\/regina11-sas.com\/tiendaeventos\/producto\/virtual-garelo-especial-amado-saurologo-con-la-maestra-regina-11\/#primaryimage"},"image":{"@id":"https:\/\/regina11-sas.com\/tiendaeventos\/producto\/virtual-garelo-especial-amado-saurologo-con-la-maestra-regina-11\/#primaryimage"},"thumbnailUrl":"https:\/\/regina11-sas.com\/tiendaeventos\/wp-content\/uploads\/2026\/04\/Amado-SAUR-V.png","datePublished":"2026-04-27T15:06:25+00:00","dateModified":"2026-04-29T17:07:12+00:00","breadcrumb":{"@id":"https:\/\/regina11-sas.com\/tiendaeventos\/producto\/virtual-garelo-especial-amado-saurologo-con-la-maestra-regina-11\/#breadcrumb"},"inLanguage":"es-CO","potentialAction":[{"@type":"ReadAction","target":["https:\/\/regina11-sas.com\/tiendaeventos\/producto\/virtual-garelo-especial-amado-saurologo-con-la-maestra-regina-11\/"]}]},{"@type":"ImageObject","inLanguage":"es-CO","@id":"https:\/\/regina11-sas.com\/tiendaeventos\/producto\/virtual-garelo-especial-amado-saurologo-con-la-maestra-regina-11\/#primaryimage","url":"https:\/\/regina11-sas.com\/tiendaeventos\/wp-content\/uploads\/2026\/04\/Amado-SAUR-V.png","contentUrl":"https:\/\/regina11-sas.com\/tiendaeventos\/wp-content\/uploads\/2026\/04\/Amado-SAUR-V.png","width":800,"height":800},{"@type":"BreadcrumbList","@id":"https:\/\/regina11-sas.com\/tiendaeventos\/producto\/virtual-garelo-especial-amado-saurologo-con-la-maestra-regina-11\/#breadcrumb","itemListElement":[{"@type":"ListItem","position":1,"name":"Inicio","item":"https:\/\/regina11-sas.com\/tiendaeventos\/"},{"@type":"ListItem","position":2,"name":"Tienda","item":"https:\/\/regina11-sas.com\/tiendaeventos\/"},{"@type":"ListItem","position":3,"name":"VIRTUAL &#8211; GARELO ESPECIAL AMADO SAUR\u00d3LOGO CON LA MAESTRA REGINA &#8220;11&#8221;"}]},{"@type":"WebSite","@id":"https:\/\/regina11-sas.com\/tiendaeventos\/#website","url":"https:\/\/regina11-sas.com\/tiendaeventos\/","name":"Tienda Eventos Regina 11 SAS","description":"Tienda Eventos Regina 11 SAS","publisher":{"@id":"https:\/\/regina11-sas.com\/tiendaeventos\/#organization"},"potentialAction":[{"@type":"SearchAction","target":{"@type":"EntryPoint","urlTemplate":"https:\/\/regina11-sas.com\/tiendaeventos\/?s={search_term_string}"},"query-input":{"@type":"PropertyValueSpecification","valueRequired":true,"valueName":"search_term_string"}}],"inLanguage":"es-CO"},{"@type":"Organization","@id":"https:\/\/regina11-sas.com\/tiendaeventos\/#organization","name":"Regina 11 SAS","url":"https:\/\/regina11-sas.com\/tiendaeventos\/","logo":{"@type":"ImageObject","inLanguage":"es-CO","@id":"https:\/\/regina11-sas.com\/tiendaeventos\/#\/schema\/logo\/image\/","url":"https:\/\/i0.wp.com\/regina11-sas.com\/tiendavirtual\/wp-content\/uploads\/2022\/06\/favicon200-e1654545906447.png?fit=100%2C100&ssl=1","contentUrl":"https:\/\/i0.wp.com\/regina11-sas.com\/tiendavirtual\/wp-content\/uploads\/2022\/06\/favicon200-e1654545906447.png?fit=100%2C100&ssl=1","width":100,"height":100,"caption":"Regina 11 SAS"},"image":{"@id":"https:\/\/regina11-sas.com\/tiendaeventos\/#\/schema\/logo\/image\/"}}]}},"jetpack-related-posts":[],"jetpack_sharing_enabled":true,"_links":{"self":[{"href":"https:\/\/regina11-sas.com\/tiendaeventos\/wp-json\/wp\/v2\/product\/59114","targetHints":{"allow":["GET"]}}],"collection":[{"href":"https:\/\/regina11-sas.com\/tiendaeventos\/wp-json\/wp\/v2\/product"}],"about":[{"href":"https:\/\/regina11-sas.com\/tiendaeventos\/wp-json\/wp\/v2\/types\/product"}],"author":[{"embeddable":true,"href":"https:\/\/regina11-sas.com\/tiendaeventos\/wp-json\/wp\/v2\/users\/2"}],"wp:featuredmedia":[{"embeddable":true,"href":"https:\/\/regina11-sas.com\/tiendaeventos\/wp-json\/wp\/v2\/media\/59115"}],"wp:attachment":[{"href":"https:\/\/regina11-sas.com\/tiendaeventos\/wp-json\/wp\/v2\/media?parent=59114"}],"wp:term":[{"taxonomy":"product_brand","embeddable":true,"href":"https:\/\/regina11-sas.com\/tiendaeventos\/wp-json\/wp\/v2\/product_brand?post=59114"},{"taxonomy":"product_cat","embeddable":true,"href":"https:\/\/regina11-sas.com\/tiendaeventos\/wp-json\/wp\/v2\/product_cat?post=59114"},{"taxonomy":"product_tag","embeddable":true,"href":"https:\/\/regina11-sas.com\/tiendaeventos\/wp-json\/wp\/v2\/product_tag?post=59114"}],"curies":[{"name":"wp","href":"https:\/\/api.w.org\/{rel}","templated":true}]}}