{"id":43508,"date":"2025-04-09T10:15:04","date_gmt":"2025-04-09T15:15:04","guid":{"rendered":"https:\/\/regina11-sas.com\/tiendaeventos\/?post_type=product&#038;p=43508"},"modified":"2026-04-29T10:59:41","modified_gmt":"2026-04-29T15:59:41","slug":"garelo-de-iluminacion","status":"publish","type":"product","link":"https:\/\/regina11-sas.com\/tiendaeventos\/producto\/garelo-de-iluminacion\/","title":{"rendered":"Garelo de Iluminaci\u00f3n"},"content":{"rendered":"<p><!--more--><br \/>\n<!-- {\"type\":\"layout\",\"children\":[{\"type\":\"section\",\"props\":{\"style\":\"muted\",\"width\":\"default\",\"vertical_align\":\"middle\",\"title_position\":\"top-left\",\"title_rotation\":\"left\",\"title_breakpoint\":\"xl\",\"image_position\":\"center-center\",\"padding\":\"small\"},\"children\":[{\"type\":\"row\",\"children\":[{\"type\":\"column\",\"props\":{\"position_sticky_breakpoint\":\"m\",\"image_position\":\"center-center\",\"media_overlay_gradient\":\"\"},\"children\":[{\"type\":\"headline\",\"props\":{\"title_element\":\"h2\"},\"source\":{\"query\":{\"name\":\"products.singleProduct\"},\"props\":{\"content\":{\"filters\":{\"search\":\"\"},\"name\":\"title\"}}}},{\"type\":\"breadcrumbs\",\"props\":{\"show_home\":true,\"show_current\":true}}]}]}],\"name\":\"encabezado-producto-2024\"},{\"type\":\"section\",\"props\":{\"style\":\"default\",\"width\":\"default\",\"vertical_align\":\"middle\",\"title_position\":\"top-left\",\"title_rotation\":\"left\",\"title_breakpoint\":\"xl\",\"image_position\":\"center-center\"},\"children\":[{\"type\":\"row\",\"children\":[{\"type\":\"column\",\"props\":{\"position_sticky_breakpoint\":\"m\",\"image_position\":\"center-center\",\"media_overlay_gradient\":\"\"},\"children\":[{\"type\":\"woo_notices\"}]}]},{\"type\":\"row\",\"props\":{\"layout\":\"1-3,2-3\",\"margin\":\"small\"},\"children\":[{\"type\":\"column\",\"props\":{\"position_sticky_breakpoint\":\"m\",\"image_position\":\"center-center\",\"media_overlay_gradient\":\"\",\"width_medium\":\"1-3\"},\"children\":[{\"type\":\"woo_images\"},{\"type\":\"module\",\"props\":{\"menu_style\":\"nav\",\"widget\":\"woocs_selector-3\",\"type\":\"woocs_selector\"}}]},{\"type\":\"column\",\"props\":{\"position_sticky_breakpoint\":\"m\",\"image_position\":\"center-center\",\"media_overlay_gradient\":\"\",\"width_medium\":\"2-3\"},\"children\":[{\"type\":\"woo_meta\",\"props\":{\"margin\":\"default\"}},{\"type\":\"woo_price\",\"props\":{\"position\":\"relative\",\"block_align\":\"center\",\"text_align\":\"left\",\"margin\":\"default\",\"margin_remove_bottom\":true}},{\"type\":\"woo_stock\",\"props\":{\"out_of_stock_style\":true,\"block_align\":\"center\",\"text_align\":\"left\"}},{\"type\":\"woo_add_to_cart\",\"props\":{\"margin\":\"default\",\"text_align\":\"left\",\"block_align\":\"center\"}}]}]},{\"type\":\"row\",\"props\":{\"margin\":\"small\",\"margin_remove_bottom\":true},\"children\":[{\"type\":\"column\",\"props\":{\"position_sticky_breakpoint\":\"m\",\"image_position\":\"center-center\",\"media_overlay_gradient\":\"\"},\"children\":[{\"type\":\"woo_description\",\"props\":{\"description\":\"short_description\",\"margin\":\"large\",\"margin_remove_top\":false,\"text_align\":\"left\"}}]}]},{\"type\":\"row\",\"children\":[{\"type\":\"column\",\"props\":{\"position_sticky_breakpoint\":\"m\",\"image_position\":\"center-center\",\"media_overlay_gradient\":\"\"},\"children\":[{\"type\":\"woo_related_products\",\"props\":{\"posts_per_page\":4,\"columns\":4,\"orderby\":\"rand\",\"order\":\"desc\",\"show_headline\":true,\"show_title\":true,\"show_rating\":true}}]}]}],\"name\":\"eventos-sin-inforadicional\"}],\"version\":\"2.7.22\"} --><\/p>\n","protected":false},"excerpt":{"rendered":"<p>Este Garelo de Iluminaci\u00f3n lo hace un grupo de maestros y\/o letas con el fin de ayudar a buscar la mejor soluci\u00f3n y enfocar tus problemas y necesidades <!--more--> a conseguir el camino adecuado, por eso si te sientes sin rumbo?, \u00bfno sabes que hacer con tu vida?, \u00bf te sientes sin energ\u00eda ni motivaci\u00f3n? \ud83e\udd14<\/p>\n<p>Te invitamos a iluminarte, con este garelo en donde se canalizara tu energ\u00eda f\u00edsica, mental y espiritual, ayud\u00e1ndote a retomar tu rumbo, tomando las mejores decisiones para tu vida en todos los aspectos que desees con salud, dinero, amor y mucha felicidad. \u263a\ud83d\udc96<\/p>\n","protected":false},"author":1,"featured_media":46972,"template":"","meta":[],"product_brand":[],"product_cat":[15,55],"product_tag":[],"class_list":{"0":"post-43508","1":"product","2":"type-product","3":"status-publish","4":"has-post-thumbnail","6":"product_cat-sin-categorizar","7":"product_cat-foto","8":"product_shipping_class-sin-envio","10":"first","11":"instock","12":"featured","13":"sold-individually","14":"taxable","15":"shipping-taxable","16":"purchasable","17":"product-type-variable"},"yoast_head":"<!-- This site is optimized with the Yoast SEO plugin v26.3 - https:\/\/yoast.com\/wordpress\/plugins\/seo\/ -->\n<title>Garelo de Iluminaci\u00f3n - Tienda Eventos Regina 11 SAS<\/title>\n<meta name=\"robots\" content=\"index, follow, max-snippet:-1, max-image-preview:large, max-video-preview:-1\" \/>\n<link rel=\"canonical\" href=\"https:\/\/regina11-sas.com\/tiendaeventos\/producto\/garelo-de-iluminacion\/\" \/>\n<meta property=\"og:locale\" content=\"es_ES\" \/>\n<meta property=\"og:type\" content=\"article\" \/>\n<meta property=\"og:title\" content=\"Garelo de Iluminaci\u00f3n - Tienda Eventos Regina 11 SAS\" \/>\n<meta property=\"og:description\" content=\"Este Garelo de Iluminaci\u00f3n lo hace un grupo de maestros y\/o letas con el fin de ayudar a buscar la mejor soluci\u00f3n y enfocar tus problemas y necesidades a conseguir el camino adecuado, por eso si te sientes sin rumbo?, \u00bfno sabes que hacer con tu vida?, \u00bf te sientes sin energ\u00eda ni motivaci\u00f3n? \ud83e\udd14  Te invitamos a iluminarte, con este garelo en donde se canalizara tu energ\u00eda f\u00edsica, mental y espiritual, ayud\u00e1ndote a retomar tu rumbo, tomando las mejores decisiones para tu vida en todos los aspectos que desees con salud, dinero, amor y mucha felicidad. \u263a\ud83d\udc96\" \/>\n<meta property=\"og:url\" content=\"https:\/\/regina11-sas.com\/tiendaeventos\/producto\/garelo-de-iluminacion\/\" \/>\n<meta property=\"og:site_name\" content=\"Tienda Eventos Regina 11 SAS\" \/>\n<meta property=\"article:modified_time\" content=\"2026-04-29T15:59:41+00:00\" \/>\n<meta property=\"og:image\" content=\"https:\/\/regina11-sas.com\/tiendaeventos\/wp-content\/uploads\/2025\/04\/Diseno-Pagina-web-M-y-L-12.jpg\" \/>\n\t<meta property=\"og:image:width\" content=\"1000\" \/>\n\t<meta property=\"og:image:height\" content=\"1000\" \/>\n\t<meta property=\"og:image:type\" content=\"image\/jpeg\" \/>\n<meta name=\"twitter:card\" content=\"summary_large_image\" \/>\n<meta name=\"twitter:label1\" content=\"Tiempo de lectura\" \/>\n\t<meta name=\"twitter:data1\" content=\"1 minuto\" \/>\n<script type=\"application\/ld+json\" class=\"yoast-schema-graph\">{\"@context\":\"https:\/\/schema.org\",\"@graph\":[{\"@type\":\"WebPage\",\"@id\":\"https:\/\/regina11-sas.com\/tiendaeventos\/producto\/garelo-de-iluminacion\/\",\"url\":\"https:\/\/regina11-sas.com\/tiendaeventos\/producto\/garelo-de-iluminacion\/\",\"name\":\"Garelo de Iluminaci\u00f3n - Tienda Eventos Regina 11 SAS\",\"isPartOf\":{\"@id\":\"https:\/\/regina11-sas.com\/tiendaeventos\/#website\"},\"primaryImageOfPage\":{\"@id\":\"https:\/\/regina11-sas.com\/tiendaeventos\/producto\/garelo-de-iluminacion\/#primaryimage\"},\"image\":{\"@id\":\"https:\/\/regina11-sas.com\/tiendaeventos\/producto\/garelo-de-iluminacion\/#primaryimage\"},\"thumbnailUrl\":\"https:\/\/regina11-sas.com\/tiendaeventos\/wp-content\/uploads\/2025\/04\/Diseno-Pagina-web-M-y-L-12.jpg\",\"datePublished\":\"2025-04-09T15:15:04+00:00\",\"dateModified\":\"2026-04-29T15:59:41+00:00\",\"breadcrumb\":{\"@id\":\"https:\/\/regina11-sas.com\/tiendaeventos\/producto\/garelo-de-iluminacion\/#breadcrumb\"},\"inLanguage\":\"es-CO\",\"potentialAction\":[{\"@type\":\"ReadAction\",\"target\":[\"https:\/\/regina11-sas.com\/tiendaeventos\/producto\/garelo-de-iluminacion\/\"]}]},{\"@type\":\"ImageObject\",\"inLanguage\":\"es-CO\",\"@id\":\"https:\/\/regina11-sas.com\/tiendaeventos\/producto\/garelo-de-iluminacion\/#primaryimage\",\"url\":\"https:\/\/regina11-sas.com\/tiendaeventos\/wp-content\/uploads\/2025\/04\/Diseno-Pagina-web-M-y-L-12.jpg\",\"contentUrl\":\"https:\/\/regina11-sas.com\/tiendaeventos\/wp-content\/uploads\/2025\/04\/Diseno-Pagina-web-M-y-L-12.jpg\",\"width\":1000,\"height\":1000},{\"@type\":\"BreadcrumbList\",\"@id\":\"https:\/\/regina11-sas.com\/tiendaeventos\/producto\/garelo-de-iluminacion\/#breadcrumb\",\"itemListElement\":[{\"@type\":\"ListItem\",\"position\":1,\"name\":\"Inicio\",\"item\":\"https:\/\/regina11-sas.com\/tiendaeventos\/\"},{\"@type\":\"ListItem\",\"position\":2,\"name\":\"Tienda\",\"item\":\"https:\/\/regina11-sas.com\/tiendaeventos\/\"},{\"@type\":\"ListItem\",\"position\":3,\"name\":\"Garelo de Iluminaci\u00f3n\"}]},{\"@type\":\"WebSite\",\"@id\":\"https:\/\/regina11-sas.com\/tiendaeventos\/#website\",\"url\":\"https:\/\/regina11-sas.com\/tiendaeventos\/\",\"name\":\"Tienda Eventos Regina 11 SAS\",\"description\":\"Tienda Eventos Regina 11 SAS\",\"publisher\":{\"@id\":\"https:\/\/regina11-sas.com\/tiendaeventos\/#organization\"},\"potentialAction\":[{\"@type\":\"SearchAction\",\"target\":{\"@type\":\"EntryPoint\",\"urlTemplate\":\"https:\/\/regina11-sas.com\/tiendaeventos\/?s={search_term_string}\"},\"query-input\":{\"@type\":\"PropertyValueSpecification\",\"valueRequired\":true,\"valueName\":\"search_term_string\"}}],\"inLanguage\":\"es-CO\"},{\"@type\":\"Organization\",\"@id\":\"https:\/\/regina11-sas.com\/tiendaeventos\/#organization\",\"name\":\"Regina 11 SAS\",\"url\":\"https:\/\/regina11-sas.com\/tiendaeventos\/\",\"logo\":{\"@type\":\"ImageObject\",\"inLanguage\":\"es-CO\",\"@id\":\"https:\/\/regina11-sas.com\/tiendaeventos\/#\/schema\/logo\/image\/\",\"url\":\"https:\/\/i0.wp.com\/regina11-sas.com\/tiendavirtual\/wp-content\/uploads\/2022\/06\/favicon200-e1654545906447.png?fit=100%2C100&ssl=1\",\"contentUrl\":\"https:\/\/i0.wp.com\/regina11-sas.com\/tiendavirtual\/wp-content\/uploads\/2022\/06\/favicon200-e1654545906447.png?fit=100%2C100&ssl=1\",\"width\":100,\"height\":100,\"caption\":\"Regina 11 SAS\"},\"image\":{\"@id\":\"https:\/\/regina11-sas.com\/tiendaeventos\/#\/schema\/logo\/image\/\"}}]}<\/script>\n<!-- \/ Yoast SEO plugin. -->","yoast_head_json":{"title":"Garelo de Iluminaci\u00f3n - Tienda Eventos Regina 11 SAS","robots":{"index":"index","follow":"follow","max-snippet":"max-snippet:-1","max-image-preview":"max-image-preview:large","max-video-preview":"max-video-preview:-1"},"canonical":"https:\/\/regina11-sas.com\/tiendaeventos\/producto\/garelo-de-iluminacion\/","og_locale":"es_ES","og_type":"article","og_title":"Garelo de Iluminaci\u00f3n - Tienda Eventos Regina 11 SAS","og_description":"Este Garelo de Iluminaci\u00f3n lo hace un grupo de maestros y\/o letas con el fin de ayudar a buscar la mejor soluci\u00f3n y enfocar tus problemas y necesidades a conseguir el camino adecuado, por eso si te sientes sin rumbo?, \u00bfno sabes que hacer con tu vida?, \u00bf te sientes sin energ\u00eda ni motivaci\u00f3n? \ud83e\udd14  Te invitamos a iluminarte, con este garelo en donde se canalizara tu energ\u00eda f\u00edsica, mental y espiritual, ayud\u00e1ndote a retomar tu rumbo, tomando las mejores decisiones para tu vida en todos los aspectos que desees con salud, dinero, amor y mucha felicidad. \u263a\ud83d\udc96","og_url":"https:\/\/regina11-sas.com\/tiendaeventos\/producto\/garelo-de-iluminacion\/","og_site_name":"Tienda Eventos Regina 11 SAS","article_modified_time":"2026-04-29T15:59:41+00:00","og_image":[{"width":1000,"height":1000,"url":"https:\/\/regina11-sas.com\/tiendaeventos\/wp-content\/uploads\/2025\/04\/Diseno-Pagina-web-M-y-L-12.jpg","type":"image\/jpeg"}],"twitter_card":"summary_large_image","twitter_misc":{"Tiempo de lectura":"1 minuto"},"schema":{"@context":"https:\/\/schema.org","@graph":[{"@type":"WebPage","@id":"https:\/\/regina11-sas.com\/tiendaeventos\/producto\/garelo-de-iluminacion\/","url":"https:\/\/regina11-sas.com\/tiendaeventos\/producto\/garelo-de-iluminacion\/","name":"Garelo de Iluminaci\u00f3n - Tienda Eventos Regina 11 SAS","isPartOf":{"@id":"https:\/\/regina11-sas.com\/tiendaeventos\/#website"},"primaryImageOfPage":{"@id":"https:\/\/regina11-sas.com\/tiendaeventos\/producto\/garelo-de-iluminacion\/#primaryimage"},"image":{"@id":"https:\/\/regina11-sas.com\/tiendaeventos\/producto\/garelo-de-iluminacion\/#primaryimage"},"thumbnailUrl":"https:\/\/regina11-sas.com\/tiendaeventos\/wp-content\/uploads\/2025\/04\/Diseno-Pagina-web-M-y-L-12.jpg","datePublished":"2025-04-09T15:15:04+00:00","dateModified":"2026-04-29T15:59:41+00:00","breadcrumb":{"@id":"https:\/\/regina11-sas.com\/tiendaeventos\/producto\/garelo-de-iluminacion\/#breadcrumb"},"inLanguage":"es-CO","potentialAction":[{"@type":"ReadAction","target":["https:\/\/regina11-sas.com\/tiendaeventos\/producto\/garelo-de-iluminacion\/"]}]},{"@type":"ImageObject","inLanguage":"es-CO","@id":"https:\/\/regina11-sas.com\/tiendaeventos\/producto\/garelo-de-iluminacion\/#primaryimage","url":"https:\/\/regina11-sas.com\/tiendaeventos\/wp-content\/uploads\/2025\/04\/Diseno-Pagina-web-M-y-L-12.jpg","contentUrl":"https:\/\/regina11-sas.com\/tiendaeventos\/wp-content\/uploads\/2025\/04\/Diseno-Pagina-web-M-y-L-12.jpg","width":1000,"height":1000},{"@type":"BreadcrumbList","@id":"https:\/\/regina11-sas.com\/tiendaeventos\/producto\/garelo-de-iluminacion\/#breadcrumb","itemListElement":[{"@type":"ListItem","position":1,"name":"Inicio","item":"https:\/\/regina11-sas.com\/tiendaeventos\/"},{"@type":"ListItem","position":2,"name":"Tienda","item":"https:\/\/regina11-sas.com\/tiendaeventos\/"},{"@type":"ListItem","position":3,"name":"Garelo de Iluminaci\u00f3n"}]},{"@type":"WebSite","@id":"https:\/\/regina11-sas.com\/tiendaeventos\/#website","url":"https:\/\/regina11-sas.com\/tiendaeventos\/","name":"Tienda Eventos Regina 11 SAS","description":"Tienda Eventos Regina 11 SAS","publisher":{"@id":"https:\/\/regina11-sas.com\/tiendaeventos\/#organization"},"potentialAction":[{"@type":"SearchAction","target":{"@type":"EntryPoint","urlTemplate":"https:\/\/regina11-sas.com\/tiendaeventos\/?s={search_term_string}"},"query-input":{"@type":"PropertyValueSpecification","valueRequired":true,"valueName":"search_term_string"}}],"inLanguage":"es-CO"},{"@type":"Organization","@id":"https:\/\/regina11-sas.com\/tiendaeventos\/#organization","name":"Regina 11 SAS","url":"https:\/\/regina11-sas.com\/tiendaeventos\/","logo":{"@type":"ImageObject","inLanguage":"es-CO","@id":"https:\/\/regina11-sas.com\/tiendaeventos\/#\/schema\/logo\/image\/","url":"https:\/\/i0.wp.com\/regina11-sas.com\/tiendavirtual\/wp-content\/uploads\/2022\/06\/favicon200-e1654545906447.png?fit=100%2C100&ssl=1","contentUrl":"https:\/\/i0.wp.com\/regina11-sas.com\/tiendavirtual\/wp-content\/uploads\/2022\/06\/favicon200-e1654545906447.png?fit=100%2C100&ssl=1","width":100,"height":100,"caption":"Regina 11 SAS"},"image":{"@id":"https:\/\/regina11-sas.com\/tiendaeventos\/#\/schema\/logo\/image\/"}}]}},"jetpack-related-posts":[],"jetpack_sharing_enabled":true,"_links":{"self":[{"href":"https:\/\/regina11-sas.com\/tiendaeventos\/wp-json\/wp\/v2\/product\/43508","targetHints":{"allow":["GET"]}}],"collection":[{"href":"https:\/\/regina11-sas.com\/tiendaeventos\/wp-json\/wp\/v2\/product"}],"about":[{"href":"https:\/\/regina11-sas.com\/tiendaeventos\/wp-json\/wp\/v2\/types\/product"}],"author":[{"embeddable":true,"href":"https:\/\/regina11-sas.com\/tiendaeventos\/wp-json\/wp\/v2\/users\/1"}],"wp:featuredmedia":[{"embeddable":true,"href":"https:\/\/regina11-sas.com\/tiendaeventos\/wp-json\/wp\/v2\/media\/46972"}],"wp:attachment":[{"href":"https:\/\/regina11-sas.com\/tiendaeventos\/wp-json\/wp\/v2\/media?parent=43508"}],"wp:term":[{"taxonomy":"product_brand","embeddable":true,"href":"https:\/\/regina11-sas.com\/tiendaeventos\/wp-json\/wp\/v2\/product_brand?post=43508"},{"taxonomy":"product_cat","embeddable":true,"href":"https:\/\/regina11-sas.com\/tiendaeventos\/wp-json\/wp\/v2\/product_cat?post=43508"},{"taxonomy":"product_tag","embeddable":true,"href":"https:\/\/regina11-sas.com\/tiendaeventos\/wp-json\/wp\/v2\/product_tag?post=43508"}],"curies":[{"name":"wp","href":"https:\/\/api.w.org\/{rel}","templated":true}]}}